{"id":1054,"date":"2016-06-21T13:54:59","date_gmt":"2016-06-21T10:54:59","guid":{"rendered":"http:\/\/leppisbungalowit.fi\/de\/unnukkamaja\/"},"modified":"2024-11-25T15:28:31","modified_gmt":"2024-11-25T13:28:31","slug":"unnukkamaja","status":"publish","type":"page","link":"https:\/\/leppisbungalowit.fi\/de\/unnukkamaja\/","title":{"rendered":"Unnukkamaja"},"content":{"rendered":"<p>Unnukkamaja ist eine ger\u00e4umige und romantische Blockhausvilla sch\u00f6n gelegen mit Seeblick. Dank der verschiedenartigen R\u00e4umlichkeiten und der Ausstattung der Villa k\u00f6nnen Sie einen entspannenden Urlaub verbringen, unvergessliche Feiern und Tagungen erleben. Die M\u00f6bel der Unnukkamaja stammen von Alvar Aalto, Innendesign und Ausf\u00fchrung von Eija Rasinm\u00e4ki.<\/p>\n<h3>Rauchsauna zu buchen<\/h3>\n<p>Neben der Unnukkamaja am Seeufer liegt eine Rauchsauna, die vorrangig in Verbindung mit Buchung der Unnukkamaja als zus\u00e4tzlicher Service zu mieten ist. Die Rauchsauna ist zudem auch separat buchbar. Nehmen Sie Kontakt auf und fragen Sie nach den Details!<\/p>\n<h3>Bilder vom Sommerhaus<\/h3>\n\n\t\t<style type=\"text\/css\">\n\t\t\t#gallery-1 {\n\t\t\t\tmargin: auto;\n\t\t\t}\n\t\t\t#gallery-1 .gallery-item {\n\t\t\t\tfloat: left;\n\t\t\t\tmargin-top: 10px;\n\t\t\t\ttext-align: center;\n\t\t\t\twidth: 20%;\n\t\t\t}\n\t\t\t#gallery-1 img {\n\t\t\t\tborder: 2px solid #cfcfcf;\n\t\t\t}\n\t\t\t#gallery-1 .gallery-caption {\n\t\t\t\tmargin-left: 0;\n\t\t\t}\n\t\t\t\/* see gallery_shortcode() in wp-includes\/media.php *\/\n\t\t<\/style>\n\t\t<div id='gallery-1' class='gallery galleryid-1054 gallery-columns-5 gallery-size-thumbnail'><dl class='gallery-item'>\n\t\t\t<dt class='gallery-icon landscape'>\n\t\t\t\t<a href='https:\/\/leppisbungalowit.fi\/wp-content\/uploads\/2016\/06\/unnukkamaja001.jpg'><img loading=\"lazy\" decoding=\"async\" width=\"200\" height=\"200\" src=\"https:\/\/leppisbungalowit.fi\/wp-content\/uploads\/2016\/06\/unnukkamaja001-200x200.jpg\" class=\"attachment-thumbnail size-thumbnail\" alt=\"\" \/><\/a>\n\t\t\t<\/dt><\/dl><dl class='gallery-item'>\n\t\t\t<dt class='gallery-icon landscape'>\n\t\t\t\t<a href='https:\/\/leppisbungalowit.fi\/wp-content\/uploads\/2016\/06\/2-Kopio.jpg'><img loading=\"lazy\" decoding=\"async\" width=\"200\" height=\"200\" src=\"https:\/\/leppisbungalowit.fi\/wp-content\/uploads\/2016\/06\/2-Kopio-200x200.jpg\" class=\"attachment-thumbnail size-thumbnail\" alt=\"J\u00e4rven rannassa oleva hirsihuvila, jonka pihassa on parkkialue\" \/><\/a>\n\t\t\t<\/dt><\/dl><dl class='gallery-item'>\n\t\t\t<dt class='gallery-icon landscape'>\n\t\t\t\t<a href='https:\/\/leppisbungalowit.fi\/wp-content\/uploads\/2016\/06\/unnukkamaja003.jpg'><img loading=\"lazy\" decoding=\"async\" width=\"200\" height=\"200\" src=\"https:\/\/leppisbungalowit.fi\/wp-content\/uploads\/2016\/06\/unnukkamaja003-200x200.jpg\" class=\"attachment-thumbnail size-thumbnail\" alt=\"\" \/><\/a>\n\t\t\t<\/dt><\/dl><dl class='gallery-item'>\n\t\t\t<dt class='gallery-icon landscape'>\n\t\t\t\t<a href='https:\/\/leppisbungalowit.fi\/wp-content\/uploads\/2016\/06\/Unnukkamaja-42-Kopio.jpg'><img loading=\"lazy\" decoding=\"async\" width=\"200\" height=\"200\" src=\"https:\/\/leppisbungalowit.fi\/wp-content\/uploads\/2016\/06\/Unnukkamaja-42-Kopio-200x200.jpg\" class=\"attachment-thumbnail size-thumbnail\" alt=\"\" \/><\/a>\n\t\t\t<\/dt><\/dl><dl class='gallery-item'>\n\t\t\t<dt class='gallery-icon landscape'>\n\t\t\t\t<a href='https:\/\/leppisbungalowit.fi\/wp-content\/uploads\/2016\/06\/Unnukkamaja-41-Kopio.jpg'><img loading=\"lazy\" decoding=\"async\" width=\"200\" height=\"200\" src=\"https:\/\/leppisbungalowit.fi\/wp-content\/uploads\/2016\/06\/Unnukkamaja-41-Kopio-200x200.jpg\" class=\"attachment-thumbnail size-thumbnail\" alt=\"\" \/><\/a>\n\t\t\t<\/dt><\/dl><br style=\"clear: both\" \/><dl class='gallery-item'>\n\t\t\t<dt class='gallery-icon landscape'>\n\t\t\t\t<a href='https:\/\/leppisbungalowit.fi\/wp-content\/uploads\/2016\/06\/Unnukkamaja-38-Kopio.jpg'><img loading=\"lazy\" decoding=\"async\" width=\"200\" height=\"200\" src=\"https:\/\/leppisbungalowit.fi\/wp-content\/uploads\/2016\/06\/Unnukkamaja-38-Kopio-200x200.jpg\" class=\"attachment-thumbnail size-thumbnail\" alt=\"\" \/><\/a>\n\t\t\t<\/dt><\/dl><dl class='gallery-item'>\n\t\t\t<dt class='gallery-icon landscape'>\n\t\t\t\t<a href='https:\/\/leppisbungalowit.fi\/wp-content\/uploads\/2016\/06\/Unnukkamaja-39-Kopio.jpg'><img loading=\"lazy\" decoding=\"async\" width=\"200\" height=\"200\" src=\"https:\/\/leppisbungalowit.fi\/wp-content\/uploads\/2016\/06\/Unnukkamaja-39-Kopio-200x200.jpg\" class=\"attachment-thumbnail size-thumbnail\" alt=\"\" \/><\/a>\n\t\t\t<\/dt><\/dl><dl class='gallery-item'>\n\t\t\t<dt class='gallery-icon landscape'>\n\t\t\t\t<a href='https:\/\/leppisbungalowit.fi\/wp-content\/uploads\/2023\/03\/ruokapoyta2.jpg'><img loading=\"lazy\" decoding=\"async\" width=\"200\" height=\"200\" src=\"https:\/\/leppisbungalowit.fi\/wp-content\/uploads\/2023\/03\/ruokapoyta2-200x200.jpg\" class=\"attachment-thumbnail size-thumbnail\" alt=\"\" \/><\/a>\n\t\t\t<\/dt><\/dl><dl class='gallery-item'>\n\t\t\t<dt class='gallery-icon landscape'>\n\t\t\t\t<a href='https:\/\/leppisbungalowit.fi\/wp-content\/uploads\/2023\/03\/ruokapoyta.jpg'><img loading=\"lazy\" decoding=\"async\" width=\"200\" height=\"200\" src=\"https:\/\/leppisbungalowit.fi\/wp-content\/uploads\/2023\/03\/ruokapoyta-200x200.jpg\" class=\"attachment-thumbnail size-thumbnail\" alt=\"\" \/><\/a>\n\t\t\t<\/dt><\/dl><dl class='gallery-item'>\n\t\t\t<dt class='gallery-icon landscape'>\n\t\t\t\t<a href='https:\/\/leppisbungalowit.fi\/wp-content\/uploads\/2023\/03\/kiettio2.jpg'><img loading=\"lazy\" decoding=\"async\" width=\"200\" height=\"200\" src=\"https:\/\/leppisbungalowit.fi\/wp-content\/uploads\/2023\/03\/kiettio2-200x200.jpg\" class=\"attachment-thumbnail size-thumbnail\" alt=\"\" \/><\/a>\n\t\t\t<\/dt><\/dl><br style=\"clear: both\" \/><dl class='gallery-item'>\n\t\t\t<dt class='gallery-icon landscape'>\n\t\t\t\t<a href='https:\/\/leppisbungalowit.fi\/wp-content\/uploads\/2023\/03\/keittio.jpg'><img loading=\"lazy\" decoding=\"async\" width=\"200\" height=\"200\" src=\"https:\/\/leppisbungalowit.fi\/wp-content\/uploads\/2023\/03\/keittio-200x200.jpg\" class=\"attachment-thumbnail size-thumbnail\" alt=\"\" \/><\/a>\n\t\t\t<\/dt><\/dl><dl class='gallery-item'>\n\t\t\t<dt class='gallery-icon landscape'>\n\t\t\t\t<a href='https:\/\/leppisbungalowit.fi\/wp-content\/uploads\/2023\/03\/kiettio3.jpg'><img loading=\"lazy\" decoding=\"async\" width=\"200\" height=\"200\" src=\"https:\/\/leppisbungalowit.fi\/wp-content\/uploads\/2023\/03\/kiettio3-200x200.jpg\" class=\"attachment-thumbnail size-thumbnail\" alt=\"\" \/><\/a>\n\t\t\t<\/dt><\/dl><dl class='gallery-item'>\n\t\t\t<dt class='gallery-icon landscape'>\n\t\t\t\t<a href='https:\/\/leppisbungalowit.fi\/wp-content\/uploads\/2023\/03\/olohuone4.jpg'><img loading=\"lazy\" decoding=\"async\" width=\"200\" height=\"200\" src=\"https:\/\/leppisbungalowit.fi\/wp-content\/uploads\/2023\/03\/olohuone4-200x200.jpg\" class=\"attachment-thumbnail size-thumbnail\" alt=\"\" \/><\/a>\n\t\t\t<\/dt><\/dl><dl class='gallery-item'>\n\t\t\t<dt class='gallery-icon landscape'>\n\t\t\t\t<a href='https:\/\/leppisbungalowit.fi\/wp-content\/uploads\/2023\/03\/olohuone3.jpg'><img loading=\"lazy\" decoding=\"async\" width=\"200\" height=\"200\" src=\"https:\/\/leppisbungalowit.fi\/wp-content\/uploads\/2023\/03\/olohuone3-200x200.jpg\" class=\"attachment-thumbnail size-thumbnail\" alt=\"\" \/><\/a>\n\t\t\t<\/dt><\/dl><dl class='gallery-item'>\n\t\t\t<dt class='gallery-icon landscape'>\n\t\t\t\t<a href='https:\/\/leppisbungalowit.fi\/wp-content\/uploads\/2023\/03\/olohuone2.jpg'><img loading=\"lazy\" decoding=\"async\" width=\"200\" height=\"200\" src=\"https:\/\/leppisbungalowit.fi\/wp-content\/uploads\/2023\/03\/olohuone2-200x200.jpg\" class=\"attachment-thumbnail size-thumbnail\" alt=\"\" \/><\/a>\n\t\t\t<\/dt><\/dl><br style=\"clear: both\" \/><dl class='gallery-item'>\n\t\t\t<dt class='gallery-icon landscape'>\n\t\t\t\t<a href='https:\/\/leppisbungalowit.fi\/wp-content\/uploads\/2023\/03\/olohuone.jpg'><img loading=\"lazy\" decoding=\"async\" width=\"200\" height=\"200\" src=\"https:\/\/leppisbungalowit.fi\/wp-content\/uploads\/2023\/03\/olohuone-200x200.jpg\" class=\"attachment-thumbnail size-thumbnail\" alt=\"\" \/><\/a>\n\t\t\t<\/dt><\/dl><dl class='gallery-item'>\n\t\t\t<dt class='gallery-icon landscape'>\n\t\t\t\t<a href='https:\/\/leppisbungalowit.fi\/wp-content\/uploads\/2023\/03\/olohuone5.jpg'><img loading=\"lazy\" decoding=\"async\" width=\"200\" height=\"200\" src=\"https:\/\/leppisbungalowit.fi\/wp-content\/uploads\/2023\/03\/olohuone5-200x200.jpg\" class=\"attachment-thumbnail size-thumbnail\" alt=\"\" \/><\/a>\n\t\t\t<\/dt><\/dl><dl class='gallery-item'>\n\t\t\t<dt class='gallery-icon landscape'>\n\t\t\t\t<a href='https:\/\/leppisbungalowit.fi\/wp-content\/uploads\/2023\/03\/sauna-pukutila2.jpg'><img loading=\"lazy\" decoding=\"async\" width=\"200\" height=\"200\" src=\"https:\/\/leppisbungalowit.fi\/wp-content\/uploads\/2023\/03\/sauna-pukutila2-200x200.jpg\" class=\"attachment-thumbnail size-thumbnail\" alt=\"\" \/><\/a>\n\t\t\t<\/dt><\/dl><dl class='gallery-item'>\n\t\t\t<dt class='gallery-icon landscape'>\n\t\t\t\t<a href='https:\/\/leppisbungalowit.fi\/wp-content\/uploads\/2023\/03\/saunan-pukutila.jpg'><img loading=\"lazy\" decoding=\"async\" width=\"200\" height=\"200\" src=\"https:\/\/leppisbungalowit.fi\/wp-content\/uploads\/2023\/03\/saunan-pukutila-200x200.jpg\" class=\"attachment-thumbnail size-thumbnail\" alt=\"\" \/><\/a>\n\t\t\t<\/dt><\/dl><dl class='gallery-item'>\n\t\t\t<dt class='gallery-icon landscape'>\n\t\t\t\t<a href='https:\/\/leppisbungalowit.fi\/wp-content\/uploads\/2023\/03\/sauna.jpg'><img loading=\"lazy\" decoding=\"async\" width=\"200\" height=\"200\" src=\"https:\/\/leppisbungalowit.fi\/wp-content\/uploads\/2023\/03\/sauna-200x200.jpg\" class=\"attachment-thumbnail size-thumbnail\" alt=\"\" \/><\/a>\n\t\t\t<\/dt><\/dl><br style=\"clear: both\" \/><dl class='gallery-item'>\n\t\t\t<dt class='gallery-icon landscape'>\n\t\t\t\t<a href='https:\/\/leppisbungalowit.fi\/wp-content\/uploads\/2023\/03\/pesuhuone.jpg'><img loading=\"lazy\" decoding=\"async\" width=\"200\" height=\"200\" src=\"https:\/\/leppisbungalowit.fi\/wp-content\/uploads\/2023\/03\/pesuhuone-200x200.jpg\" class=\"attachment-thumbnail size-thumbnail\" alt=\"\" \/><\/a>\n\t\t\t<\/dt><\/dl><dl class='gallery-item'>\n\t\t\t<dt class='gallery-icon landscape'>\n\t\t\t\t<a href='https:\/\/leppisbungalowit.fi\/wp-content\/uploads\/2016\/06\/Unnukkamaja-43-Kopio.jpg'><img loading=\"lazy\" decoding=\"async\" width=\"200\" height=\"200\" src=\"https:\/\/leppisbungalowit.fi\/wp-content\/uploads\/2016\/06\/Unnukkamaja-43-Kopio-200x200.jpg\" class=\"attachment-thumbnail size-thumbnail\" alt=\"\" \/><\/a>\n\t\t\t<\/dt><\/dl><dl class='gallery-item'>\n\t\t\t<dt class='gallery-icon landscape'>\n\t\t\t\t<a href='https:\/\/leppisbungalowit.fi\/wp-content\/uploads\/2016\/06\/lasiterassi-Kopio.jpg'><img loading=\"lazy\" decoding=\"async\" width=\"200\" height=\"200\" src=\"https:\/\/leppisbungalowit.fi\/wp-content\/uploads\/2016\/06\/lasiterassi-Kopio-200x200.jpg\" class=\"attachment-thumbnail size-thumbnail\" alt=\"\" \/><\/a>\n\t\t\t<\/dt><\/dl><dl class='gallery-item'>\n\t\t\t<dt class='gallery-icon landscape'>\n\t\t\t\t<a href='https:\/\/leppisbungalowit.fi\/wp-content\/uploads\/2023\/03\/lasiterassi.jpg'><img loading=\"lazy\" decoding=\"async\" width=\"200\" height=\"200\" src=\"https:\/\/leppisbungalowit.fi\/wp-content\/uploads\/2023\/03\/lasiterassi-200x200.jpg\" class=\"attachment-thumbnail size-thumbnail\" alt=\"\" \/><\/a>\n\t\t\t<\/dt><\/dl><dl class='gallery-item'>\n\t\t\t<dt class='gallery-icon landscape'>\n\t\t\t\t<a href='https:\/\/leppisbungalowit.fi\/wp-content\/uploads\/2023\/03\/lasiterassi-2.jpg'><img loading=\"lazy\" decoding=\"async\" width=\"200\" height=\"200\" src=\"https:\/\/leppisbungalowit.fi\/wp-content\/uploads\/2023\/03\/lasiterassi-2-200x200.jpg\" class=\"attachment-thumbnail size-thumbnail\" alt=\"\" \/><\/a>\n\t\t\t<\/dt><\/dl><br style=\"clear: both\" \/><dl class='gallery-item'>\n\t\t\t<dt class='gallery-icon landscape'>\n\t\t\t\t<a href='https:\/\/leppisbungalowit.fi\/wp-content\/uploads\/2016\/06\/4-Kopio.jpg'><img loading=\"lazy\" decoding=\"async\" width=\"200\" height=\"200\" src=\"https:\/\/leppisbungalowit.fi\/wp-content\/uploads\/2016\/06\/4-Kopio-200x200.jpg\" class=\"attachment-thumbnail size-thumbnail\" alt=\"Savusauna j\u00e4rven rannassa\" \/><\/a>\n\t\t\t<\/dt><\/dl><dl class='gallery-item'>\n\t\t\t<dt class='gallery-icon landscape'>\n\t\t\t\t<a href='https:\/\/leppisbungalowit.fi\/wp-content\/uploads\/2016\/06\/3-Kopio.jpg'><img loading=\"lazy\" decoding=\"async\" width=\"200\" height=\"200\" src=\"https:\/\/leppisbungalowit.fi\/wp-content\/uploads\/2016\/06\/3-Kopio-200x200.jpg\" class=\"attachment-thumbnail size-thumbnail\" alt=\"Kes\u00e4m\u00f6kki\" \/><\/a>\n\t\t\t<\/dt><\/dl><dl class='gallery-item'>\n\t\t\t<dt class='gallery-icon landscape'>\n\t\t\t\t<a href='https:\/\/leppisbungalowit.fi\/wp-content\/uploads\/2016\/06\/unnukkamaja011.jpg'><img loading=\"lazy\" decoding=\"async\" width=\"200\" height=\"200\" src=\"https:\/\/leppisbungalowit.fi\/wp-content\/uploads\/2016\/06\/unnukkamaja011-200x200.jpg\" class=\"attachment-thumbnail size-thumbnail\" alt=\"\" \/><\/a>\n\t\t\t<\/dt><\/dl><dl class='gallery-item'>\n\t\t\t<dt class='gallery-icon landscape'>\n\t\t\t\t<a href='https:\/\/leppisbungalowit.fi\/wp-content\/uploads\/2016\/06\/unnukkamaja012.jpg'><img loading=\"lazy\" decoding=\"async\" width=\"200\" height=\"200\" src=\"https:\/\/leppisbungalowit.fi\/wp-content\/uploads\/2016\/06\/unnukkamaja012-200x200.jpg\" class=\"attachment-thumbnail size-thumbnail\" alt=\"\" \/><\/a>\n\t\t\t<\/dt><\/dl><dl class='gallery-item'>\n\t\t\t<dt class='gallery-icon landscape'>\n\t\t\t\t<a href='https:\/\/leppisbungalowit.fi\/wp-content\/uploads\/2016\/06\/unnukkamaja013.jpg'><img loading=\"lazy\" decoding=\"async\" width=\"200\" height=\"200\" src=\"https:\/\/leppisbungalowit.fi\/wp-content\/uploads\/2016\/06\/unnukkamaja013-200x200.jpg\" class=\"attachment-thumbnail size-thumbnail\" alt=\"\" \/><\/a>\n\t\t\t<\/dt><\/dl><br style=\"clear: both\" \/><dl class='gallery-item'>\n\t\t\t<dt class='gallery-icon landscape'>\n\t\t\t\t<a href='https:\/\/leppisbungalowit.fi\/wp-content\/uploads\/2016\/06\/IMG_1211-Copy-Kopio.jpg'><img loading=\"lazy\" decoding=\"async\" width=\"200\" height=\"200\" src=\"https:\/\/leppisbungalowit.fi\/wp-content\/uploads\/2016\/06\/IMG_1211-Copy-Kopio-200x200.jpg\" class=\"attachment-thumbnail size-thumbnail\" alt=\"\" \/><\/a>\n\t\t\t<\/dt><\/dl><dl class='gallery-item'>\n\t\t\t<dt class='gallery-icon landscape'>\n\t\t\t\t<a href='https:\/\/leppisbungalowit.fi\/wp-content\/uploads\/2024\/07\/Soutuvene-johon-lisamaksusta-saatavilla-4hp-nelitahti-peramoottori.jpg'><img loading=\"lazy\" decoding=\"async\" width=\"200\" height=\"200\" src=\"https:\/\/leppisbungalowit.fi\/wp-content\/uploads\/2024\/07\/Soutuvene-johon-lisamaksusta-saatavilla-4hp-nelitahti-peramoottori-200x200.jpg\" class=\"attachment-thumbnail size-thumbnail\" alt=\"\" aria-describedby=\"gallery-1-2116\" \/><\/a>\n\t\t\t<\/dt>\n\t\t\t\t<dd class='wp-caption-text gallery-caption' id='gallery-1-2116'>\n\t\t\t\tRuderboot, mit einem 4-PS-Viertakt-Au\u00dfenbordmotor gegen Aufpreis erh\u00e4ltlich.\n\t\t\t\t<\/dd><\/dl><dl class='gallery-item'>\n\t\t\t<dt class='gallery-icon landscape'>\n\t\t\t\t<a href='https:\/\/leppisbungalowit.fi\/wp-content\/uploads\/2016\/06\/IMG_3677-Kopio-Kopio.jpg'><img loading=\"lazy\" decoding=\"async\" width=\"200\" height=\"200\" src=\"https:\/\/leppisbungalowit.fi\/wp-content\/uploads\/2016\/06\/IMG_3677-Kopio-Kopio-200x200.jpg\" class=\"attachment-thumbnail size-thumbnail\" alt=\"\" \/><\/a>\n\t\t\t<\/dt><\/dl><dl class='gallery-item'>\n\t\t\t<dt class='gallery-icon landscape'>\n\t\t\t\t<a href='https:\/\/leppisbungalowit.fi\/wp-content\/uploads\/2024\/07\/matalampi-ranta.jpg'><img loading=\"lazy\" decoding=\"async\" width=\"200\" height=\"200\" src=\"https:\/\/leppisbungalowit.fi\/wp-content\/uploads\/2024\/07\/matalampi-ranta-200x200.jpg\" class=\"attachment-thumbnail size-thumbnail\" alt=\"\" aria-describedby=\"gallery-1-2119\" \/><\/a>\n\t\t\t<\/dt>\n\t\t\t\t<dd class='wp-caption-text gallery-caption' id='gallery-1-2119'>\n\t\t\t\tflacherer Strand\n\t\t\t\t<\/dd><\/dl>\n\t\t\t<br style='clear: both' \/>\n\t\t<\/div>\n\n<h2>Sehen Sie sich das Pr\u00e4sentationsvideo auf<\/h2>\n<h2><a href=\"https:\/\/youtu.be\/Lz0dIWBPSUk\" target=\"_blank\" rel=\"noopener\">YouTube!<\/a><\/h2>\n<h3><\/h3>\n<p>&nbsp;<\/p>\n<h3>Infos zum Sommerhaus<\/h3>\n\n<table id=\"tablepress-9\" class=\"tablepress tablepress-id-9\">\n<tbody class=\"row-striping\">\n<tr class=\"row-1\">\n\t<td class=\"column-1\">Grundfl\u00e4che<\/td><td class=\"column-2\">187 m\u00b2<\/td>\n<\/tr>\n<tr class=\"row-2\">\n\t<td class=\"column-1\">Zimmer<\/td><td class=\"column-2\">4 separate Schlafzimmer: ein Doppelbett, sechs Einzelbetten. Insgesamt 8 Schlafpl\u00e4tze + 1 Zustellbett + 1 Matratze auf dem Boden, 1 Kinderbett. <br \/>\nWohnr, K\u00fcche, Bad, 4 WCs, Sauna<\/td>\n<\/tr>\n<tr class=\"row-3\">\n\t<td class=\"column-1\">Ausstattung<\/td><td class=\"column-2\"><ul><li>Elektrosauna und Waschraum<\/li><br \/>\n<li>Waschmaschine<\/li><li>Beheizbare verglaste Terrasse<\/li><li>Mesh-WLAN-Netzwerk 5G (300M)<\/li><li>TV<\/li><li>DVD\/Blu ray -Player<\/li><li>Konferenzger\u00e4te: Leinwand, Flipchart<\/li><li>Karaoke-Anlage<\/li><li>Ruderboot<\/li><li>eigene Insel mit Feuerstelle<\/li><li>Gas- und Holzkohlegrill<\/li><br \/>\n<\/ul><\/td>\n<\/tr>\n<tr class=\"row-4\">\n\t<td class=\"column-1\">Parkpl\u00e4tze<\/td><td class=\"column-2\">Auf dem Gel\u00e4nde ist eine Garage f\u00fcr 1 Autos und Stellfl\u00e4chen f\u00fcr 4 Autos, au\u00dferdem in 50 m Entfernung asphaltierte Parkpl\u00e4tze f\u00fcr 10 Autos.<\/td>\n<\/tr>\n<\/tbody>\n<\/table>\n<!-- #tablepress-9 from cache -->\n","protected":false},"excerpt":{"rendered":"Unnukkamaja ist eine ger\u00e4umige und romantische Blockhausvilla sch\u00f6n gelegen mit Seeblick. Dank der verschiedenartigen R\u00e4umlichkeiten und der Ausstattung der Villa k\u00f6nnen Sie einen entspannenden Urlaub verbringen, unvergessliche Feiern und Tagungen erleben. Die M\u00f6bel der Unnukkamaja stammen von Alvar Aalto, Innendesign und Ausf\u00fchrung von Eija Rasinm\u00e4ki. Rauchsauna zu buchen Neben der Unnukkamaja am Seeufer liegt eine [&hellip;]","protected":false},"author":1,"featured_media":0,"parent":0,"menu_order":0,"comment_status":"closed","ping_status":"closed","template":"","meta":{"_acf_changed":false,"footnotes":""},"class_list":["post-1054","page","type-page","status-publish","hentry"],"acf":[],"_links":{"self":[{"href":"https:\/\/leppisbungalowit.fi\/de\/wp-json\/wp\/v2\/pages\/1054","targetHints":{"allow":["GET"]}}],"collection":[{"href":"https:\/\/leppisbungalowit.fi\/de\/wp-json\/wp\/v2\/pages"}],"about":[{"href":"https:\/\/leppisbungalowit.fi\/de\/wp-json\/wp\/v2\/types\/page"}],"author":[{"embeddable":true,"href":"https:\/\/leppisbungalowit.fi\/de\/wp-json\/wp\/v2\/users\/1"}],"replies":[{"embeddable":true,"href":"https:\/\/leppisbungalowit.fi\/de\/wp-json\/wp\/v2\/comments?post=1054"}],"version-history":[{"count":5,"href":"https:\/\/leppisbungalowit.fi\/de\/wp-json\/wp\/v2\/pages\/1054\/revisions"}],"predecessor-version":[{"id":2231,"href":"https:\/\/leppisbungalowit.fi\/de\/wp-json\/wp\/v2\/pages\/1054\/revisions\/2231"}],"wp:attachment":[{"href":"https:\/\/leppisbungalowit.fi\/de\/wp-json\/wp\/v2\/media?parent=1054"}],"curies":[{"name":"wp","href":"https:\/\/api.w.org\/{rel}","templated":true}]}}