{"id":1050,"date":"2016-06-21T13:55:43","date_gmt":"2016-06-21T10:55:43","guid":{"rendered":"http:\/\/leppisbungalowit.fi\/de\/konnusmaja\/"},"modified":"2024-11-28T10:17:18","modified_gmt":"2024-11-28T08:17:18","slug":"konnusmaja","status":"publish","type":"page","link":"https:\/\/leppisbungalowit.fi\/de\/konnusmaja\/","title":{"rendered":"Konnusmaja"},"content":{"rendered":"<p>Konnusmaja ist eine ger\u00e4umige in Blockhausbauweise errichtete Luxusvilla (Bungalow). Die Villa befindet sich in exzellenter Lage in sch\u00f6ner Seenlandschaft.\u00a0Buchen Sie die Villa und erleben Sie einen unvergesslichen Urlaub, eine Feier oder Tagung in dem von sch\u00f6nen Naturlandschaften umgebenen Lepp\u00e4virta in einer gut ausgestatteten und ger\u00e4umigen Blockhausvilla.<\/p>\n<h3>Bilder vom Ferienhaus<\/h3>\n\n\t\t<style type=\"text\/css\">\n\t\t\t#gallery-1 {\n\t\t\t\tmargin: auto;\n\t\t\t}\n\t\t\t#gallery-1 .gallery-item {\n\t\t\t\tfloat: left;\n\t\t\t\tmargin-top: 10px;\n\t\t\t\ttext-align: center;\n\t\t\t\twidth: 20%;\n\t\t\t}\n\t\t\t#gallery-1 img {\n\t\t\t\tborder: 2px solid #cfcfcf;\n\t\t\t}\n\t\t\t#gallery-1 .gallery-caption {\n\t\t\t\tmargin-left: 0;\n\t\t\t}\n\t\t\t\/* see gallery_shortcode() in wp-includes\/media.php *\/\n\t\t<\/style>\n\t\t<div id='gallery-1' class='gallery galleryid-1050 gallery-columns-5 gallery-size-thumbnail'><dl class='gallery-item'>\n\t\t\t<dt class='gallery-icon landscape'>\n\t\t\t\t<a href='https:\/\/leppisbungalowit.fi\/wp-content\/uploads\/2017\/09\/Konnusmaja-2-Kopio.jpg'><img loading=\"lazy\" decoding=\"async\" width=\"200\" height=\"200\" src=\"https:\/\/leppisbungalowit.fi\/wp-content\/uploads\/2017\/09\/Konnusmaja-2-Kopio-200x200.jpg\" class=\"attachment-thumbnail size-thumbnail\" alt=\"Vuokram\u00f6kki j\u00e4rven rannalla\" \/><\/a>\n\t\t\t<\/dt><\/dl><dl class='gallery-item'>\n\t\t\t<dt class='gallery-icon landscape'>\n\t\t\t\t<a href='https:\/\/leppisbungalowit.fi\/wp-content\/uploads\/2017\/09\/Konnusmaja-3-Kopio.jpg'><img loading=\"lazy\" decoding=\"async\" width=\"200\" height=\"200\" src=\"https:\/\/leppisbungalowit.fi\/wp-content\/uploads\/2017\/09\/Konnusmaja-3-Kopio-200x200.jpg\" class=\"attachment-thumbnail size-thumbnail\" alt=\"\" \/><\/a>\n\t\t\t<\/dt><\/dl><dl class='gallery-item'>\n\t\t\t<dt class='gallery-icon landscape'>\n\t\t\t\t<a href='https:\/\/leppisbungalowit.fi\/wp-content\/uploads\/2017\/09\/Konnusmaja-5-Kopio.jpg'><img loading=\"lazy\" decoding=\"async\" width=\"200\" height=\"200\" src=\"https:\/\/leppisbungalowit.fi\/wp-content\/uploads\/2017\/09\/Konnusmaja-5-Kopio-200x200.jpg\" class=\"attachment-thumbnail size-thumbnail\" alt=\"Hirsihuvila\" \/><\/a>\n\t\t\t<\/dt><\/dl><dl class='gallery-item'>\n\t\t\t<dt class='gallery-icon landscape'>\n\t\t\t\t<a href='https:\/\/leppisbungalowit.fi\/wp-content\/uploads\/2024\/11\/450136388_1437046210308055_1529644788937047486_n.jpg'><img loading=\"lazy\" decoding=\"async\" width=\"200\" height=\"200\" src=\"https:\/\/leppisbungalowit.fi\/wp-content\/uploads\/2024\/11\/450136388_1437046210308055_1529644788937047486_n-200x200.jpg\" class=\"attachment-thumbnail size-thumbnail\" alt=\"\" \/><\/a>\n\t\t\t<\/dt><\/dl><dl class='gallery-item'>\n\t\t\t<dt class='gallery-icon landscape'>\n\t\t\t\t<a href='https:\/\/leppisbungalowit.fi\/wp-content\/uploads\/2017\/09\/Konnusmaja-14-Kopio.jpg'><img loading=\"lazy\" decoding=\"async\" width=\"200\" height=\"200\" src=\"https:\/\/leppisbungalowit.fi\/wp-content\/uploads\/2017\/09\/Konnusmaja-14-Kopio-200x200.jpg\" class=\"attachment-thumbnail size-thumbnail\" alt=\"\" \/><\/a>\n\t\t\t<\/dt><\/dl><br style=\"clear: both\" \/><dl class='gallery-item'>\n\t\t\t<dt class='gallery-icon landscape'>\n\t\t\t\t<a href='https:\/\/leppisbungalowit.fi\/wp-content\/uploads\/2017\/09\/Konnusmaja-36-Kopio.jpg'><img loading=\"lazy\" decoding=\"async\" width=\"200\" height=\"200\" src=\"https:\/\/leppisbungalowit.fi\/wp-content\/uploads\/2017\/09\/Konnusmaja-36-Kopio-200x200.jpg\" class=\"attachment-thumbnail size-thumbnail\" alt=\"\" \/><\/a>\n\t\t\t<\/dt><\/dl><dl class='gallery-item'>\n\t\t\t<dt class='gallery-icon landscape'>\n\t\t\t\t<a href='https:\/\/leppisbungalowit.fi\/wp-content\/uploads\/2017\/09\/Konnusmaja-37-Kopio.jpg'><img loading=\"lazy\" decoding=\"async\" width=\"200\" height=\"200\" src=\"https:\/\/leppisbungalowit.fi\/wp-content\/uploads\/2017\/09\/Konnusmaja-37-Kopio-200x200.jpg\" class=\"attachment-thumbnail size-thumbnail\" alt=\"\" \/><\/a>\n\t\t\t<\/dt><\/dl><dl class='gallery-item'>\n\t\t\t<dt class='gallery-icon landscape'>\n\t\t\t\t<a href='https:\/\/leppisbungalowit.fi\/wp-content\/uploads\/2016\/06\/IMG_5320-Kopio.jpg'><img loading=\"lazy\" decoding=\"async\" width=\"200\" height=\"200\" src=\"https:\/\/leppisbungalowit.fi\/wp-content\/uploads\/2016\/06\/IMG_5320-Kopio-200x200.jpg\" class=\"attachment-thumbnail size-thumbnail\" alt=\"\" \/><\/a>\n\t\t\t<\/dt><\/dl><dl class='gallery-item'>\n\t\t\t<dt class='gallery-icon landscape'>\n\t\t\t\t<a href='https:\/\/leppisbungalowit.fi\/wp-content\/uploads\/2016\/06\/konnusmaja008.jpg'><img loading=\"lazy\" decoding=\"async\" width=\"200\" height=\"200\" src=\"https:\/\/leppisbungalowit.fi\/wp-content\/uploads\/2016\/06\/konnusmaja008-200x200.jpg\" class=\"attachment-thumbnail size-thumbnail\" alt=\"\" \/><\/a>\n\t\t\t<\/dt><\/dl><dl class='gallery-item'>\n\t\t\t<dt class='gallery-icon landscape'>\n\t\t\t\t<a href='https:\/\/leppisbungalowit.fi\/wp-content\/uploads\/2016\/06\/konnusmaja009.jpg'><img loading=\"lazy\" decoding=\"async\" width=\"200\" height=\"200\" src=\"https:\/\/leppisbungalowit.fi\/wp-content\/uploads\/2016\/06\/konnusmaja009-200x200.jpg\" class=\"attachment-thumbnail size-thumbnail\" alt=\"\" \/><\/a>\n\t\t\t<\/dt><\/dl><br style=\"clear: both\" \/><dl class='gallery-item'>\n\t\t\t<dt class='gallery-icon landscape'>\n\t\t\t\t<a href='https:\/\/leppisbungalowit.fi\/wp-content\/uploads\/2016\/06\/konnusmaja010.jpg'><img loading=\"lazy\" decoding=\"async\" width=\"200\" height=\"200\" src=\"https:\/\/leppisbungalowit.fi\/wp-content\/uploads\/2016\/06\/konnusmaja010-200x200.jpg\" class=\"attachment-thumbnail size-thumbnail\" alt=\"\" \/><\/a>\n\t\t\t<\/dt><\/dl><dl class='gallery-item'>\n\t\t\t<dt class='gallery-icon landscape'>\n\t\t\t\t<a href='https:\/\/leppisbungalowit.fi\/wp-content\/uploads\/2016\/06\/konnusmaja011.jpg'><img loading=\"lazy\" decoding=\"async\" width=\"200\" height=\"200\" src=\"https:\/\/leppisbungalowit.fi\/wp-content\/uploads\/2016\/06\/konnusmaja011-200x200.jpg\" class=\"attachment-thumbnail size-thumbnail\" alt=\"\" \/><\/a>\n\t\t\t<\/dt><\/dl><dl class='gallery-item'>\n\t\t\t<dt class='gallery-icon landscape'>\n\t\t\t\t<a href='https:\/\/leppisbungalowit.fi\/wp-content\/uploads\/2021\/11\/IMG_8746-Kopio-2.jpg'><img loading=\"lazy\" decoding=\"async\" width=\"200\" height=\"200\" src=\"https:\/\/leppisbungalowit.fi\/wp-content\/uploads\/2021\/11\/IMG_8746-Kopio-2-200x200.jpg\" class=\"attachment-thumbnail size-thumbnail\" alt=\"\" \/><\/a>\n\t\t\t<\/dt><\/dl><dl class='gallery-item'>\n\t\t\t<dt class='gallery-icon landscape'>\n\t\t\t\t<a href='https:\/\/leppisbungalowit.fi\/wp-content\/uploads\/2021\/11\/IMG_8713-Kopio-2.jpg'><img loading=\"lazy\" decoding=\"async\" width=\"200\" height=\"200\" src=\"https:\/\/leppisbungalowit.fi\/wp-content\/uploads\/2021\/11\/IMG_8713-Kopio-2-200x200.jpg\" class=\"attachment-thumbnail size-thumbnail\" alt=\"\" \/><\/a>\n\t\t\t<\/dt><\/dl><dl class='gallery-item'>\n\t\t\t<dt class='gallery-icon landscape'>\n\t\t\t\t<a href='https:\/\/leppisbungalowit.fi\/wp-content\/uploads\/2021\/11\/IMG_8710-Kopio-2.jpg'><img loading=\"lazy\" decoding=\"async\" width=\"200\" height=\"200\" src=\"https:\/\/leppisbungalowit.fi\/wp-content\/uploads\/2021\/11\/IMG_8710-Kopio-2-200x200.jpg\" class=\"attachment-thumbnail size-thumbnail\" alt=\"\" \/><\/a>\n\t\t\t<\/dt><\/dl><br style=\"clear: both\" \/><dl class='gallery-item'>\n\t\t\t<dt class='gallery-icon landscape'>\n\t\t\t\t<a href='https:\/\/leppisbungalowit.fi\/wp-content\/uploads\/2017\/09\/Konnusmaja-25-Kopio.jpg'><img loading=\"lazy\" decoding=\"async\" width=\"200\" height=\"200\" src=\"https:\/\/leppisbungalowit.fi\/wp-content\/uploads\/2017\/09\/Konnusmaja-25-Kopio-200x200.jpg\" class=\"attachment-thumbnail size-thumbnail\" alt=\"\" \/><\/a>\n\t\t\t<\/dt><\/dl><dl class='gallery-item'>\n\t\t\t<dt class='gallery-icon landscape'>\n\t\t\t\t<a href='https:\/\/leppisbungalowit.fi\/wp-content\/uploads\/2017\/09\/Konnusmaja-27-Kopio.jpg'><img loading=\"lazy\" decoding=\"async\" width=\"200\" height=\"200\" src=\"https:\/\/leppisbungalowit.fi\/wp-content\/uploads\/2017\/09\/Konnusmaja-27-Kopio-200x200.jpg\" class=\"attachment-thumbnail size-thumbnail\" alt=\"\" \/><\/a>\n\t\t\t<\/dt><\/dl><dl class='gallery-item'>\n\t\t\t<dt class='gallery-icon landscape'>\n\t\t\t\t<a href='https:\/\/leppisbungalowit.fi\/wp-content\/uploads\/2017\/09\/Konnusmaja-28-Kopio.jpg'><img loading=\"lazy\" decoding=\"async\" width=\"200\" height=\"200\" src=\"https:\/\/leppisbungalowit.fi\/wp-content\/uploads\/2017\/09\/Konnusmaja-28-Kopio-200x200.jpg\" class=\"attachment-thumbnail size-thumbnail\" alt=\"\" \/><\/a>\n\t\t\t<\/dt><\/dl><dl class='gallery-item'>\n\t\t\t<dt class='gallery-icon landscape'>\n\t\t\t\t<a href='https:\/\/leppisbungalowit.fi\/wp-content\/uploads\/2017\/09\/Konnusmaja-29-Kopio.jpg'><img loading=\"lazy\" decoding=\"async\" width=\"200\" height=\"200\" src=\"https:\/\/leppisbungalowit.fi\/wp-content\/uploads\/2017\/09\/Konnusmaja-29-Kopio-200x200.jpg\" class=\"attachment-thumbnail size-thumbnail\" alt=\"\" \/><\/a>\n\t\t\t<\/dt><\/dl><dl class='gallery-item'>\n\t\t\t<dt class='gallery-icon landscape'>\n\t\t\t\t<a href='https:\/\/leppisbungalowit.fi\/wp-content\/uploads\/2017\/09\/Konnusmaja-30-Kopio.jpg'><img loading=\"lazy\" decoding=\"async\" width=\"200\" height=\"200\" src=\"https:\/\/leppisbungalowit.fi\/wp-content\/uploads\/2017\/09\/Konnusmaja-30-Kopio-200x200.jpg\" class=\"attachment-thumbnail size-thumbnail\" alt=\"\" \/><\/a>\n\t\t\t<\/dt><\/dl><br style=\"clear: both\" \/><dl class='gallery-item'>\n\t\t\t<dt class='gallery-icon landscape'>\n\t\t\t\t<a href='https:\/\/leppisbungalowit.fi\/wp-content\/uploads\/2017\/09\/Konnusmaja-32-Kopio.jpg'><img loading=\"lazy\" decoding=\"async\" width=\"200\" height=\"200\" src=\"https:\/\/leppisbungalowit.fi\/wp-content\/uploads\/2017\/09\/Konnusmaja-32-Kopio-200x200.jpg\" class=\"attachment-thumbnail size-thumbnail\" alt=\"\" \/><\/a>\n\t\t\t<\/dt><\/dl><dl class='gallery-item'>\n\t\t\t<dt class='gallery-icon landscape'>\n\t\t\t\t<a href='https:\/\/leppisbungalowit.fi\/wp-content\/uploads\/2017\/09\/Konnusmaja-19-Kopio.jpg'><img loading=\"lazy\" decoding=\"async\" width=\"200\" height=\"200\" src=\"https:\/\/leppisbungalowit.fi\/wp-content\/uploads\/2017\/09\/Konnusmaja-19-Kopio-200x200.jpg\" class=\"attachment-thumbnail size-thumbnail\" alt=\"\" \/><\/a>\n\t\t\t<\/dt><\/dl><dl class='gallery-item'>\n\t\t\t<dt class='gallery-icon landscape'>\n\t\t\t\t<a href='https:\/\/leppisbungalowit.fi\/wp-content\/uploads\/2017\/09\/Konnusmaja-41-Kopio.jpg'><img loading=\"lazy\" decoding=\"async\" width=\"200\" height=\"200\" src=\"https:\/\/leppisbungalowit.fi\/wp-content\/uploads\/2017\/09\/Konnusmaja-41-Kopio-200x200.jpg\" class=\"attachment-thumbnail size-thumbnail\" alt=\"\" \/><\/a>\n\t\t\t<\/dt><\/dl><dl class='gallery-item'>\n\t\t\t<dt class='gallery-icon landscape'>\n\t\t\t\t<a href='https:\/\/leppisbungalowit.fi\/wp-content\/uploads\/2017\/09\/Konnusmaja-45-Kopio.jpg'><img loading=\"lazy\" decoding=\"async\" width=\"200\" height=\"200\" src=\"https:\/\/leppisbungalowit.fi\/wp-content\/uploads\/2017\/09\/Konnusmaja-45-Kopio-200x200.jpg\" class=\"attachment-thumbnail size-thumbnail\" alt=\"\" \/><\/a>\n\t\t\t<\/dt><\/dl><dl class='gallery-item'>\n\t\t\t<dt class='gallery-icon landscape'>\n\t\t\t\t<a href='https:\/\/leppisbungalowit.fi\/wp-content\/uploads\/2017\/09\/Konnusmaja-6-Kopio.jpg'><img loading=\"lazy\" decoding=\"async\" width=\"200\" height=\"200\" src=\"https:\/\/leppisbungalowit.fi\/wp-content\/uploads\/2017\/09\/Konnusmaja-6-Kopio-200x200.jpg\" class=\"attachment-thumbnail size-thumbnail\" alt=\"\" \/><\/a>\n\t\t\t<\/dt><\/dl><br style=\"clear: both\" \/><dl class='gallery-item'>\n\t\t\t<dt class='gallery-icon landscape'>\n\t\t\t\t<a href='https:\/\/leppisbungalowit.fi\/wp-content\/uploads\/2017\/09\/Konnusmaja-8-Kopio.jpg'><img loading=\"lazy\" decoding=\"async\" width=\"200\" height=\"200\" src=\"https:\/\/leppisbungalowit.fi\/wp-content\/uploads\/2017\/09\/Konnusmaja-8-Kopio-200x200.jpg\" class=\"attachment-thumbnail size-thumbnail\" alt=\"\" \/><\/a>\n\t\t\t<\/dt><\/dl><dl class='gallery-item'>\n\t\t\t<dt class='gallery-icon landscape'>\n\t\t\t\t<a href='https:\/\/leppisbungalowit.fi\/wp-content\/uploads\/2017\/09\/Konnusmaja-9-Kopio.jpg'><img loading=\"lazy\" decoding=\"async\" width=\"200\" height=\"200\" src=\"https:\/\/leppisbungalowit.fi\/wp-content\/uploads\/2017\/09\/Konnusmaja-9-Kopio-200x200.jpg\" class=\"attachment-thumbnail size-thumbnail\" alt=\"\" \/><\/a>\n\t\t\t<\/dt><\/dl><dl class='gallery-item'>\n\t\t\t<dt class='gallery-icon landscape'>\n\t\t\t\t<a href='https:\/\/leppisbungalowit.fi\/wp-content\/uploads\/2017\/09\/Konnusmaja-11-Kopio.jpg'><img loading=\"lazy\" decoding=\"async\" width=\"200\" height=\"200\" src=\"https:\/\/leppisbungalowit.fi\/wp-content\/uploads\/2017\/09\/Konnusmaja-11-Kopio-200x200.jpg\" class=\"attachment-thumbnail size-thumbnail\" alt=\"\" \/><\/a>\n\t\t\t<\/dt><\/dl>\n\t\t\t<br style='clear: both' \/>\n\t\t<\/div>\n\n<h3>Infos zum Ferienhaus<\/h3>\n\n<table id=\"tablepress-10\" class=\"tablepress tablepress-id-10\">\n<tbody class=\"row-striping\">\n<tr class=\"row-1\">\n\t<td class=\"column-1\">Grundfl\u00e4che<\/td><td class=\"column-2\">187 m\u00b2<\/td>\n<\/tr>\n<tr class=\"row-2\">\n\t<td class=\"column-1\">Zimmer<\/td><td class=\"column-2\">4 Schlafr. (8 + 2 Schlafpl.), Wohnr., K\u00fcche, Bad, 4 WCs, Sauna<\/td>\n<\/tr>\n<tr class=\"row-3\">\n\t<td class=\"column-1\">Ausstattung<\/td><td class=\"column-2\"><ul><li>Elektrosauna und Waschraum<\/li><li>Terrasse<\/li><li>Internet mit WLAN<\/li><li>TV<\/li><li>DVD\/Blu Ray -Player<\/li><li>Lagerfeuerstelle<\/li><li>Ruderboot<\/li><li>Bade-\/Bootssteg<\/li><li>Kinderbett<\/li><\/ul><\/td>\n<\/tr>\n<tr class=\"row-4\">\n\t<td class=\"column-1\">Parkpl\u00e4tze<\/td><td class=\"column-2\">Auf dem Gel\u00e4nde ist eine Garage f\u00fcr 1 Auto und Stellpl\u00e4tze f\u00fcr 5 Autos.<\/td>\n<\/tr>\n<tr class=\"row-5\">\n\t<td class=\"column-1\">Steg<\/td><td class=\"column-2\">Badesteg + Boots- und Schiffsanlegestelle 50 m entfernt. Der Steg ist auch f\u00fcr gr\u00f6\u00dfere Schiffe geeignet.<\/td>\n<\/tr>\n<\/tbody>\n<\/table>\n<!-- #tablepress-10 from cache -->\n","protected":false},"excerpt":{"rendered":"Konnusmaja ist eine ger\u00e4umige in Blockhausbauweise errichtete Luxusvilla (Bungalow). Die Villa befindet sich in exzellenter Lage in sch\u00f6ner Seenlandschaft.\u00a0Buchen Sie die Villa und erleben Sie einen unvergesslichen Urlaub, eine Feier oder Tagung in dem von sch\u00f6nen Naturlandschaften umgebenen Lepp\u00e4virta in einer gut ausgestatteten und ger\u00e4umigen Blockhausvilla. Bilder vom Ferienhaus Infos zum Ferienhaus","protected":false},"author":1,"featured_media":0,"parent":0,"menu_order":0,"comment_status":"closed","ping_status":"closed","template":"","meta":{"_acf_changed":false,"footnotes":""},"class_list":["post-1050","page","type-page","status-publish","hentry"],"acf":[],"_links":{"self":[{"href":"https:\/\/leppisbungalowit.fi\/de\/wp-json\/wp\/v2\/pages\/1050","targetHints":{"allow":["GET"]}}],"collection":[{"href":"https:\/\/leppisbungalowit.fi\/de\/wp-json\/wp\/v2\/pages"}],"about":[{"href":"https:\/\/leppisbungalowit.fi\/de\/wp-json\/wp\/v2\/types\/page"}],"author":[{"embeddable":true,"href":"https:\/\/leppisbungalowit.fi\/de\/wp-json\/wp\/v2\/users\/1"}],"replies":[{"embeddable":true,"href":"https:\/\/leppisbungalowit.fi\/de\/wp-json\/wp\/v2\/comments?post=1050"}],"version-history":[{"count":4,"href":"https:\/\/leppisbungalowit.fi\/de\/wp-json\/wp\/v2\/pages\/1050\/revisions"}],"predecessor-version":[{"id":2286,"href":"https:\/\/leppisbungalowit.fi\/de\/wp-json\/wp\/v2\/pages\/1050\/revisions\/2286"}],"wp:attachment":[{"href":"https:\/\/leppisbungalowit.fi\/de\/wp-json\/wp\/v2\/media?parent=1050"}],"curies":[{"name":"wp","href":"https:\/\/api.w.org\/{rel}","templated":true}]}}