{"id":1047,"date":"2014-08-01T12:52:32","date_gmt":"2014-08-01T09:52:32","guid":{"rendered":"http:\/\/leppisbungalowit.fi\/de\/etusivu\/"},"modified":"2025-03-13T14:25:00","modified_gmt":"2025-03-13T12:25:00","slug":"etusivu","status":"publish","type":"page","link":"https:\/\/leppisbungalowit.fi\/de\/","title":{"rendered":"Leppis Bungalows"},"content":{"rendered":"<h2>Mietferienh\u00e4user in Lepp\u00e4virta<\/h2>\n<p>Leppis Bungalows vermieten zwei hochwertige und ger\u00e4umige Ferienh\u00e4user in Lepp\u00e4virta. Leppis Bungalows sind an natursch\u00f6nem Ort auf einer Halbinsel in der Seenplatte gelegen. In der Region finden sich gute Fischgew\u00e4sser und Stromschnellen.<\/p>\n<p>Die Ferienh\u00e4user eignen sich gut, um den Urlaub zu verbringen, f\u00fcr Familienfeiern sowie als Repr\u00e4sentationsobjekte f\u00fcr Unternehmen. Beide Ferienh\u00e4user verf\u00fcgen \u00fcber eine umfangreiche Ausstattung, dank dessen Urlaub, Feiern und Tagungen zum Erfolg werden.<\/p>\n<p>&nbsp;<\/p>\n<h4><a href=\"https:\/\/leppisbungalowit.fi\/de\/unnukkamaja\/\" rel=\"\">F\u00fcr weitere Informationen \u00fcber Unnukkamaja!<\/a><\/h4>\n<p><a href=\"https:\/\/leppisbungalowit.fi\/de\/unnukkamaja\/\"><img loading=\"lazy\" decoding=\"async\" class=\"alignnone wp-image-2181\" src=\"https:\/\/leppisbungalowit.fi\/wp-content\/uploads\/2024\/08\/Unnukkamaja-etusivukuva1-250x157.jpg\" alt=\"\" width=\"559\" height=\"351\" srcset=\"https:\/\/leppisbungalowit.fi\/wp-content\/uploads\/2024\/08\/Unnukkamaja-etusivukuva1-250x157.jpg 250w, https:\/\/leppisbungalowit.fi\/wp-content\/uploads\/2024\/08\/Unnukkamaja-etusivukuva1-700x439.jpg 700w, https:\/\/leppisbungalowit.fi\/wp-content\/uploads\/2024\/08\/Unnukkamaja-etusivukuva1-768x482.jpg 768w, https:\/\/leppisbungalowit.fi\/wp-content\/uploads\/2024\/08\/Unnukkamaja-etusivukuva1-1536x964.jpg 1536w, https:\/\/leppisbungalowit.fi\/wp-content\/uploads\/2024\/08\/Unnukkamaja-etusivukuva1-120x75.jpg 120w, https:\/\/leppisbungalowit.fi\/wp-content\/uploads\/2024\/08\/Unnukkamaja-etusivukuva1.jpg 1600w\" sizes=\"auto, (max-width: 559px) 100vw, 559px\" \/><\/a><\/p>\n<p><a href=\"https:\/\/www.lomarengas.fi\/en\/cottages\/leppavirta-unnukkamaja-10211?ownerNumber=11907\" target=\"_blank\" rel=\"noopener\">Preise und schnelle Buchungen \u00fcber Lomarengas. Schauen Sie vorbei und buchen Sie!<\/a><\/p>\n<p>&nbsp;<\/p>\n<h4><a href=\"https:\/\/leppisbungalowit.fi\/de\/konnusmaja\/\">F\u00fcr weitere Informationen \u00fcber Konnusmaja!<\/a><\/h4>\n<p><a href=\"https:\/\/leppisbungalowit.fi\/de\/konnusmaja\/\"><img loading=\"lazy\" decoding=\"async\" class=\"alignnone wp-image-2186\" src=\"https:\/\/leppisbungalowit.fi\/wp-content\/uploads\/2024\/08\/Konnusmaja-2-Kopio-250x167.jpg\" alt=\"\" width=\"561\" height=\"375\" srcset=\"https:\/\/leppisbungalowit.fi\/wp-content\/uploads\/2024\/08\/Konnusmaja-2-Kopio-250x167.jpg 250w, https:\/\/leppisbungalowit.fi\/wp-content\/uploads\/2024\/08\/Konnusmaja-2-Kopio-700x467.jpg 700w, https:\/\/leppisbungalowit.fi\/wp-content\/uploads\/2024\/08\/Konnusmaja-2-Kopio-768x512.jpg 768w, https:\/\/leppisbungalowit.fi\/wp-content\/uploads\/2024\/08\/Konnusmaja-2-Kopio-120x80.jpg 120w, https:\/\/leppisbungalowit.fi\/wp-content\/uploads\/2024\/08\/Konnusmaja-2-Kopio.jpg 1536w\" sizes=\"auto, (max-width: 561px) 100vw, 561px\" \/><\/a><\/p>\n<p><a href=\"https:\/\/www.lomarengas.fi\/en\/cottages\/leppavirta-konnusmaja-12936?ownerNumber=11907\" target=\"_blank\" rel=\"noopener\">Preise und schnelle Buchungen \u00fcber Lomarengas. Schauen Sie vorbei und buchen Sie!<\/a><\/p>\n<p>&nbsp;<\/p>\n<p>&nbsp;<\/p>\n<h2>Rauchsauna<\/h2>\n<p>Neben dem Ferienhaus Unnukkamaja befindet sich eine Rauchsauna zur Miete. Eine traditionelle Rauchsauna ist eine tolle Erfahrung, die jeder erleben sollte.\u00a0Die Rauchsauna wird vorrangig an G\u00e4ste des Ferienhauses Unnukkamaja vermietet. Nach Vereinbarung wird die Rauchsauna auch separat vermietet.<\/p>\n<p><strong>Preis ab 240 \u20ac (wohlgemerkt: bereits f\u00fcr den Gast angeheizt).<\/strong><\/p>\n<p>&nbsp;<\/p>\n<p><a class=\"nappi\" href=\"https:\/\/leppisbungalowit.fi\/unnukkamaja\/\">Mehr dazu \u00bb<\/a><\/p>\n\n\t\t<style type=\"text\/css\">\n\t\t\t#gallery-1 {\n\t\t\t\tmargin: auto;\n\t\t\t}\n\t\t\t#gallery-1 .gallery-item {\n\t\t\t\tfloat: left;\n\t\t\t\tmargin-top: 10px;\n\t\t\t\ttext-align: center;\n\t\t\t\twidth: 20%;\n\t\t\t}\n\t\t\t#gallery-1 img {\n\t\t\t\tborder: 2px solid #cfcfcf;\n\t\t\t}\n\t\t\t#gallery-1 .gallery-caption {\n\t\t\t\tmargin-left: 0;\n\t\t\t}\n\t\t\t\/* see gallery_shortcode() in wp-includes\/media.php *\/\n\t\t<\/style>\n\t\t<div id='gallery-1' class='gallery galleryid-1047 gallery-columns-5 gallery-size-thumbnail'><dl class='gallery-item'>\n\t\t\t<dt class='gallery-icon landscape'>\n\t\t\t\t<a href='https:\/\/leppisbungalowit.fi\/wp-content\/uploads\/2023\/04\/Unnukkamaja-8.jpg'><img loading=\"lazy\" decoding=\"async\" width=\"200\" height=\"200\" src=\"https:\/\/leppisbungalowit.fi\/wp-content\/uploads\/2023\/04\/Unnukkamaja-8-200x200.jpg\" class=\"attachment-thumbnail size-thumbnail\" alt=\"Rauchsauna am See\" \/><\/a>\n\t\t\t<\/dt><\/dl><dl class='gallery-item'>\n\t\t\t<dt class='gallery-icon landscape'>\n\t\t\t\t<a href='https:\/\/leppisbungalowit.fi\/wp-content\/uploads\/2023\/04\/Unnukkamaja-6.jpg'><img loading=\"lazy\" decoding=\"async\" width=\"200\" height=\"200\" src=\"https:\/\/leppisbungalowit.fi\/wp-content\/uploads\/2023\/04\/Unnukkamaja-6-200x200.jpg\" class=\"attachment-thumbnail size-thumbnail\" alt=\"Savusauna j\u00e4rven rannalla\" \/><\/a>\n\t\t\t<\/dt><\/dl><dl class='gallery-item'>\n\t\t\t<dt class='gallery-icon landscape'>\n\t\t\t\t<a href='https:\/\/leppisbungalowit.fi\/wp-content\/uploads\/2023\/04\/Unnukkamaja-56.jpg'><img loading=\"lazy\" decoding=\"async\" width=\"200\" height=\"200\" src=\"https:\/\/leppisbungalowit.fi\/wp-content\/uploads\/2023\/04\/Unnukkamaja-56-200x200.jpg\" class=\"attachment-thumbnail size-thumbnail\" alt=\"\" \/><\/a>\n\t\t\t<\/dt><\/dl><dl class='gallery-item'>\n\t\t\t<dt class='gallery-icon landscape'>\n\t\t\t\t<a href='https:\/\/leppisbungalowit.fi\/wp-content\/uploads\/2023\/04\/Unnukkamaja-54.jpg'><img loading=\"lazy\" decoding=\"async\" width=\"200\" height=\"200\" src=\"https:\/\/leppisbungalowit.fi\/wp-content\/uploads\/2023\/04\/Unnukkamaja-54-200x200.jpg\" class=\"attachment-thumbnail size-thumbnail\" alt=\"Wohnzimmer des Ferienhauses mit Fenster mit Blick auf den See\" \/><\/a>\n\t\t\t<\/dt><\/dl><dl class='gallery-item'>\n\t\t\t<dt class='gallery-icon landscape'>\n\t\t\t\t<a href='https:\/\/leppisbungalowit.fi\/wp-content\/uploads\/2023\/04\/Unnukkamaja-53.jpg'><img loading=\"lazy\" decoding=\"async\" width=\"200\" height=\"200\" src=\"https:\/\/leppisbungalowit.fi\/wp-content\/uploads\/2023\/04\/Unnukkamaja-53-200x200.jpg\" class=\"attachment-thumbnail size-thumbnail\" alt=\"\" \/><\/a>\n\t\t\t<\/dt><\/dl><br style=\"clear: both\" \/><dl class='gallery-item'>\n\t\t\t<dt class='gallery-icon landscape'>\n\t\t\t\t<a href='https:\/\/leppisbungalowit.fi\/wp-content\/uploads\/2023\/04\/Unnukkamaja-55.jpg'><img loading=\"lazy\" decoding=\"async\" width=\"200\" height=\"200\" src=\"https:\/\/leppisbungalowit.fi\/wp-content\/uploads\/2023\/04\/Unnukkamaja-55-200x200.jpg\" class=\"attachment-thumbnail size-thumbnail\" alt=\"\" \/><\/a>\n\t\t\t<\/dt><\/dl><dl class='gallery-item'>\n\t\t\t<dt class='gallery-icon landscape'>\n\t\t\t\t<a href='https:\/\/leppisbungalowit.fi\/wp-content\/uploads\/2014\/08\/5.jpg'><img loading=\"lazy\" decoding=\"async\" width=\"200\" height=\"200\" src=\"https:\/\/leppisbungalowit.fi\/wp-content\/uploads\/2014\/08\/5-200x200.jpg\" class=\"attachment-thumbnail size-thumbnail\" alt=\"\" \/><\/a>\n\t\t\t<\/dt><\/dl>\n\t\t\t<br style='clear: both' \/>\n\t\t<\/div>\n\n<hr \/>\n<h2>Badezuber<\/h2>\n<p>Der Badezuber ist das ganze Jahr \u00fcber verf\u00fcgbar. Der Zuber f\u00fcr acht Personen wird geliefert und wieder abgeholt.<br \/>\nMit dem Zuber kommt ein Thermometer, die Bedienanleitung sowie Zubeh\u00f6r zur Innenreinigung des Zubers. Preise ab 90 \u20ac Tag + 20 \u20ac Feuerholz. Fragen Sie nach der Verf\u00fcgbarkeit, im Voraus zu buchen!<\/p>\n<h2>___________________________________________<\/h2>\n<h2>Dienstleistungen und Aktivit\u00e4tspakete in der Umgebung<\/h2>\n<h2><a href=\"http:\/\/visitleppavirta.fi\/de\" target=\"_blank\" rel=\"noopener noreferrer\"><strong>VISIT LEPP\u00c4VIRTA<\/strong><\/a><\/h2>\n<h2><a href=\"https:\/\/visitvarkaus.fi\/en\" target=\"_blank\" rel=\"noopener\">VISIT VARKAUS<\/a><\/h2>\n<h2><a href=\"https:\/\/www.hellokuopio.fi\/en\/home\/\" target=\"_blank\" rel=\"noopener\">HELLO KUOPIO<\/a><\/h2>\n<h2><a href=\"https:\/\/www.visitsaimaa.fi\/de\/\" target=\"_blank\" rel=\"noopener\">VISIT SAIMAA<\/a><\/h2>\n<p>&nbsp;<\/p>\n<h2><strong>Aktivit\u00e4ten in der N\u00e4he:<\/strong><\/h2>\n<h2><a href=\"https:\/\/leppavirta.fluentprogress.fi\/outdoors\/de\" target=\"_blank\" rel=\"noopener\">Fluent Outdoors &#8211; Lepp\u00e4virta<\/a><\/h2>\n<p>&nbsp;<\/p>\n<p><strong>Entfernungen<\/strong><\/p>\n<ul>\n<li>Zur Bushaltestelle: 8 km<\/li>\n<li>Zum Flughafen Kuopio: 76 km<\/li>\n<li>Zum n\u00e4chsten Nachbarn: 200 m<\/li>\n<li>Zum Restaurant: 8 km<\/li>\n<li>Zum Supermarkt: 8 km<\/li>\n<li>Zum Spa: 8 km<\/li>\n<li>Nach Helsinki: 340 km<\/li>\n<li>Nach Savonlinna: 113 km<\/li>\n<\/ul>\n","protected":false},"excerpt":{"rendered":"Mietferienh\u00e4user in Lepp\u00e4virta Leppis Bungalows vermieten zwei hochwertige und ger\u00e4umige Ferienh\u00e4user in Lepp\u00e4virta. Leppis Bungalows sind an natursch\u00f6nem Ort auf einer Halbinsel in der Seenplatte gelegen. In der Region finden sich gute Fischgew\u00e4sser und Stromschnellen. Die Ferienh\u00e4user eignen sich gut, um den Urlaub zu verbringen, f\u00fcr Familienfeiern sowie als Repr\u00e4sentationsobjekte f\u00fcr Unternehmen. Beide Ferienh\u00e4user verf\u00fcgen [&hellip;]","protected":false},"author":1,"featured_media":0,"parent":0,"menu_order":0,"comment_status":"closed","ping_status":"closed","template":"","meta":{"_acf_changed":false,"footnotes":""},"class_list":["post-1047","page","type-page","status-publish","hentry"],"acf":[],"_links":{"self":[{"href":"https:\/\/leppisbungalowit.fi\/de\/wp-json\/wp\/v2\/pages\/1047","targetHints":{"allow":["GET"]}}],"collection":[{"href":"https:\/\/leppisbungalowit.fi\/de\/wp-json\/wp\/v2\/pages"}],"about":[{"href":"https:\/\/leppisbungalowit.fi\/de\/wp-json\/wp\/v2\/types\/page"}],"author":[{"embeddable":true,"href":"https:\/\/leppisbungalowit.fi\/de\/wp-json\/wp\/v2\/users\/1"}],"replies":[{"embeddable":true,"href":"https:\/\/leppisbungalowit.fi\/de\/wp-json\/wp\/v2\/comments?post=1047"}],"version-history":[{"count":14,"href":"https:\/\/leppisbungalowit.fi\/de\/wp-json\/wp\/v2\/pages\/1047\/revisions"}],"predecessor-version":[{"id":2299,"href":"https:\/\/leppisbungalowit.fi\/de\/wp-json\/wp\/v2\/pages\/1047\/revisions\/2299"}],"wp:attachment":[{"href":"https:\/\/leppisbungalowit.fi\/de\/wp-json\/wp\/v2\/media?parent=1047"}],"curies":[{"name":"wp","href":"https:\/\/api.w.org\/{rel}","templated":true}]}}